{"id":2,"date":"2025-07-17T18:49:35","date_gmt":"2025-07-17T18:49:35","guid":{"rendered":"http:\/\/frb-it.dk\/?page_id=2"},"modified":"2025-07-17T19:06:40","modified_gmt":"2025-07-17T19:06:40","slug":"sample-page","status":"publish","type":"page","link":"http:\/\/frb-it.dk\/?page_id=2","title":{"rendered":"M\u00e5l"},"content":{"rendered":"\n<p class=\"has-medium-font-size\">Vores m\u00e5l er at hj\u00e6lpe den almene borger samt sm\u00e5 virksomheder og foreninger med IT-problemer samt mindre projekter som hjemmesider eller lignende &#8211; alt sammen til en fair pris.<\/p>\n\n\n\n<p class=\"has-medium-font-size\">Hvis du har et IT problem eller en id\u00e9 til ops\u00e6tning af noget elektronisk &#8211; s\u00e5 kontakt os, s\u00e5 ser vi, om vi ikke kan finde p\u00e5 en god l\u00f8sning sammen.<\/p>\n\n\n\n<p class=\"has-medium-font-size\">Eksempler p\u00e5 opgaver vi har l\u00f8st:<\/p>\n\n\n\n<p class=\"has-medium-font-size\">-&gt; Hj\u00e6lp til at printe en s\u00f8lvbryllupssang helt rigtigt p\u00e5 papiret <\/p>\n\n\n\n<p class=\"has-medium-font-size\">-&gt; Vendt sk\u00e6rmen rigtigt og i l\u00e6selig opl\u00f8sning<\/p>\n\n\n\n<p class=\"has-medium-font-size\">-&gt; Oprettet hurtige genveje for effektivt arbejdsgang i en h\u00f8jsp\u00e6ndt afdeling<\/p>\n\n\n\n<p><\/p>\n\n\n\n<p><\/p>\n\n\n\n<p><\/p>\n\n\n\n<p><\/p>\n\n\n\n<p><\/p>\n\n\n\n<p><\/p>\n\n\n\n<p><\/p>\n\n\n\n<p><\/p>\n\n\n\n<p><\/p>\n\n\n\n<p><\/p>\n","protected":false},"excerpt":{"rendered":"<p>Vores m\u00e5l er at hj\u00e6lpe den almene borger samt sm\u00e5 virksomheder og foreninger med IT-problemer samt mindre projekter som hjemmesider eller lignende &#8211; alt sammen til en fair pris. Hvis du har et IT problem eller en id\u00e9 til ops\u00e6tning af noget elektronisk &#8211; s\u00e5 kontakt os, s\u00e5 ser vi, om vi ikke kan finde [&hellip;]<\/p>\n","protected":false},"author":1,"featured_media":0,"parent":0,"menu_order":0,"comment_status":"closed","ping_status":"open","template":"","meta":{"footnotes":""},"class_list":["post-2","page","type-page","status-publish","hentry"],"_links":{"self":[{"href":"http:\/\/frb-it.dk\/index.php?rest_route=\/wp\/v2\/pages\/2","targetHints":{"allow":["GET"]}}],"collection":[{"href":"http:\/\/frb-it.dk\/index.php?rest_route=\/wp\/v2\/pages"}],"about":[{"href":"http:\/\/frb-it.dk\/index.php?rest_route=\/wp\/v2\/types\/page"}],"author":[{"embeddable":true,"href":"http:\/\/frb-it.dk\/index.php?rest_route=\/wp\/v2\/users\/1"}],"replies":[{"embeddable":true,"href":"http:\/\/frb-it.dk\/index.php?rest_route=%2Fwp%2Fv2%2Fcomments&post=2"}],"version-history":[{"count":5,"href":"http:\/\/frb-it.dk\/index.php?rest_route=\/wp\/v2\/pages\/2\/revisions"}],"predecessor-version":[{"id":39,"href":"http:\/\/frb-it.dk\/index.php?rest_route=\/wp\/v2\/pages\/2\/revisions\/39"}],"wp:attachment":[{"href":"http:\/\/frb-it.dk\/index.php?rest_route=%2Fwp%2Fv2%2Fmedia&parent=2"}],"curies":[{"name":"wp","href":"https:\/\/api.w.org\/{rel}","templated":true}]}}